{"id":1015,"date":"2025-11-18T04:34:00","date_gmt":"2025-11-18T09:34:00","guid":{"rendered":"https:\/\/boudissaimmigration.ca\/?page_id=1015"},"modified":"2025-11-28T16:30:11","modified_gmt":"2025-11-28T21:30:11","slug":"conditions-generales","status":"publish","type":"page","link":"https:\/\/boudissaimmigration.ca\/fr\/terms-conditions\/","title":{"rendered":"Terms &#038; Conditions"},"content":{"rendered":"<div class=\"wpb-content-wrapper\"><div id=\"vc_row-6a049bfd7cc8e\" class=\"vc_row wpb_row vc_row-fluid thegem-custom-6a049bfd7cc7c9285\"><div class=\"wpb_column vc_column_container vc_col-sm-12 thegem-custom-6a049bfd7cefa9625\" ><div class=\"vc_column-inner thegem-custom-inner-6a049bfd7cefd\"><div class=\"wpb_wrapper thegem-custom-6a049bfd7cefa9625\">\r\n\t\r\n\t\t<div class=\"wpb_text_column wpb_content_element  thegem-vc-text thegem-custom-6a049bfd7d2db4470\"  >\r\n\t\t\t<div class=\"wpb_wrapper\">\r\n\t\t\t\t<p><span style=\"color: #000000;\"><strong><u>CONDITIONS G\u00c9N\u00c9RALES<\/u><\/strong><\/span><\/p>\n<p><span style=\"color: #000000;\">Les pr\u00e9sentes conditions g\u00e9n\u00e9rales r\u00e9gissent l\u2019utilisation de ce site\u00a0<em>www.boudissaimmigration.ca<\/em>.<\/span><br \/>\n<span style=\"color: #000000;\">Ce site appartient et est g\u00e9r\u00e9 par BOUDISSA AVOCATS INC.<\/span><\/p>\n<p><span style=\"color: #000000;\">En utilisant ce site, vous indiquez que vous avez lu et compris les conditions d\u2019utilisation et que vous acceptez de les respecter en tout temps.<\/span><\/p>\n\r\n\t\t\t<\/div>\r\n\t\t\t<style>@media screen and (max-width: 1023px) {.thegem-vc-text.thegem-custom-6a049bfd7d2db4470{display: block!important;}}@media screen and (max-width: 767px) {.thegem-vc-text.thegem-custom-6a049bfd7d2db4470{display: block!important;}}@media screen and (max-width: 1023px) {.thegem-vc-text.thegem-custom-6a049bfd7d2db4470{position: relative !important;}}@media screen and (max-width: 767px) {.thegem-vc-text.thegem-custom-6a049bfd7d2db4470{position: relative !important;}}<\/style>\r\n\t\t<\/div>\r\n\t\r\n<\/div><\/div><\/div><\/div><div id=\"vc_row-6a049bfd7d5ce\" class=\"vc_row wpb_row vc_row-fluid thegem-custom-6a049bfd7d5c14799\"><div class=\"wpb_column vc_column_container vc_col-sm-12 thegem-custom-6a049bfd7d7e53890 vc_col-has-fill\" ><div class=\"vc_column-inner thegem-custom-inner-6a049bfd7d7e7 vc_custom_1764107080137\"><style>.thegem-custom-6a049bfd7d7e53890.wpb_column > .vc_column-inner {box-shadow:  0px 0px 2px 2px #811A105E;}\n<\/style><div class=\"wpb_wrapper thegem-custom-6a049bfd7d7e53890\">\r\n\t\r\n\t\t<div class=\"wpb_text_column wpb_content_element  thegem-vc-text thegem-custom-6a049bfd7d9865002\"  >\r\n\t\t\t<div class=\"wpb_wrapper\">\r\n\t\t\t\t<div>\n<p><span style=\"color: #000000;\"><strong>Propri\u00e9t\u00e9 intellectuelle<\/strong><\/span><\/p>\n<p><span style=\"color: #000000;\">Tout contenu publi\u00e9 et mis \u00e0 disposition sur ce site est la propri\u00e9t\u00e9 de BOUDISSA AVOCATS INC. et de ses cr\u00e9ateurs. Cela comprend, mais n\u2019est pas limit\u00e9 aux images, textes, logos, documents, fichiers t\u00e9l\u00e9chargeables et tout ce qui contribue \u00e0 la composition de ce site.<\/span><\/p>\n<p>&nbsp;<\/p>\n<p><strong style=\"color: #000000;\">Utilisation acceptable<\/strong><\/p>\n<\/div>\n<div>\n<p><span style=\"text-decoration: underline;\"><span style=\"color: #000000; text-decoration: underline;\">En tant qu\u2019utilisateur, vous acceptez d\u2019utiliser notre site l\u00e9galement et de ne pas utiliser ce site pour des fins illicites, \u00e0 savoir :<\/span><\/span><\/p>\n<ul>\n<li value=\"1\"><span style=\"color: #000000;\">Violer les droits de propri\u00e9t\u00e9 intellectuelle des propri\u00e9taires du site ou de tout tiers au site<\/span><\/li>\n<li value=\"2\"><span style=\"color: #000000;\">Pirater le compte d\u2019un autre utilisateur du site<\/span><\/li>\n<li value=\"3\"><span style=\"color: #000000;\">Agir de toute fa\u00e7on qui pourrait \u00eatre consid\u00e9r\u00e9e comme frauduleuse<\/span><\/li>\n<li value=\"4\"><span style=\"color: #000000;\">Participer \u00e0 toute activit\u00e9 ill\u00e9gale sur le site<\/span><\/li>\n<li value=\"5\"><span style=\"color: #000000;\">Afficher tout mat\u00e9riel qui peut \u00eatre jug\u00e9 inappropri\u00e9 ou offensant<\/span><\/li>\n<\/ul>\n<p><span style=\"color: #000000;\">Si nous estimons que vous utilisez ce site ill\u00e9galement ou d\u2019une mani\u00e8re qui viole les conditions d\u2019utilisation acceptable ci-dessus, nous nous r\u00e9servons le droit de limiter, suspendre ou r\u00e9silier votre acc\u00e8s \u00e0 ce site. Nous nous r\u00e9servons \u00e9galement le droit de prendre toutes les mesures juridiques n\u00e9cessaires pour vous emp\u00eacher d\u2019acc\u00e9der \u00e0 notre site.<\/span><\/p>\n<p>&nbsp;<\/p>\n<p><strong style=\"color: #000000;\">Limitation de responsabilit\u00e9<\/strong><\/p>\n<\/div>\n<div>\n<p><span style=\"color: #000000;\">BOUDISSA AVOCATS INC. ou l\u2019un de ses employ\u00e9s sera tenu responsable de tout probl\u00e8me d\u00e9coulant de ce site. N\u00e9anmoins, BOUDISSA AVOCATS INC. et ses employ\u00e9s ne seront pas tenus responsables de tout probl\u00e8me d\u00e9coulant de toute utilisation irr\u00e9guli\u00e8re de ce site.<\/span><\/p>\n<p>&nbsp;<\/p>\n<p><strong style=\"color: #000000;\">Indemnit\u00e9<\/strong><\/p>\n<\/div>\n<div>\n<p><span style=\"color: #000000;\">En tant qu\u2019utilisateur, vous indemnisez par les pr\u00e9sentes BOUDISSA AVOCATS INC. de toute responsabilit\u00e9, de tout co\u00fbt, de toute cause d\u2019action, de tout dommage ou de toute d\u00e9pense d\u00e9coulant de votre utilisation de ce site ou de votre violation de l\u2019une des dispositions \u00e9nonc\u00e9es dans le pr\u00e9sent document.<\/span><\/p>\n<p>&nbsp;<\/p>\n<p><strong style=\"color: #000000;\">Lois applicables<\/strong><\/p>\n<\/div>\n<div>\n<p><span style=\"color: #000000;\">Ce document est soumis aux lois applicables du Canada et vise \u00e0 se conformer \u00e0 ses r\u00e8gles et r\u00e8glements n\u00e9cessaires.<\/span><\/p>\n<p><span style=\"color: #000000;\">Pour les r\u00e9sidents de l\u2019UE, le RGPD est la loi applicable qui r\u00e9git ce document. En cas d\u2019incompatibilit\u00e9 entre une disposition du pr\u00e9sent document et le RGPD, les r\u00e8gles du RGPD auront pr\u00e9s\u00e9ance.<\/span><\/p>\n<p>&nbsp;<\/p>\n<p><strong style=\"color: #000000;\">Divisibilit\u00e9<\/strong><\/p>\n<\/div>\n<div>\n<p><span style=\"color: #000000;\">Si, \u00e0 tout moment, l\u2019une des dispositions \u00e9nonc\u00e9es dans le pr\u00e9sent document est jug\u00e9e incompatible ou invalide en vertu des lois applicables, ces dispositions seront consid\u00e9r\u00e9es comme nulles et seront retir\u00e9es du pr\u00e9sent document. Toutes les autres dispositions ne seront pas touch\u00e9es par les lois et le reste du document sera toujours consid\u00e9r\u00e9 comme valide.<\/span><\/p>\n<p>&nbsp;<\/p>\n<p><strong style=\"color: #000000;\">Modifications<\/strong><\/p>\n<\/div>\n<div>\n<p><span style=\"color: #000000;\">Ces conditions g\u00e9n\u00e9rales peuvent \u00eatre modifi\u00e9es de temps \u00e0 autre afin de maintenir le respect de la loi et de refl\u00e9ter tout changement \u00e0 la fa\u00e7on dont nous g\u00e9rons notre site et la fa\u00e7on dont nous nous attendons \u00e0 ce que les utilisateurs se comportent sur notre site. Nous recommandons \u00e0 nos utilisateurs de v\u00e9rifier ces conditions g\u00e9n\u00e9rales de temps \u00e0 autre pour s\u2019assurer qu\u2019ils sont inform\u00e9s de toute mise \u00e0 jour. Au besoin, nous informerons les utilisateurs par courriel des changements apport\u00e9s \u00e0 ces conditions ou nous afficherons un avis sur notre site.<\/span><\/p>\n<p>&nbsp;<\/p>\n<p><strong style=\"color: #000000;\">Contact<\/strong><\/p>\n<\/div>\n<div>\n<p><span style=\"text-decoration: underline;\"><span style=\"color: #000000; text-decoration: underline;\">Veuillez communiquer avec nous si vous avez des questions ou des pr\u00e9occupations. Nos coordonn\u00e9es sont les suivantes :<\/span><\/span><\/p>\n<p><span style=\"color: #000000;\">(514) 600-3164<\/span><br \/>\n<span style=\"color: #000000;\">info@boudissaimmigration.com<\/span><\/p>\n<\/div>\n\r\n\t\t\t<\/div>\r\n\t\t\t<style>@media screen and (max-width: 1023px) {.thegem-vc-text.thegem-custom-6a049bfd7d9865002{display: block!important;}}@media screen and (max-width: 767px) {.thegem-vc-text.thegem-custom-6a049bfd7d9865002{display: block!important;}}@media screen and (max-width: 1023px) {.thegem-vc-text.thegem-custom-6a049bfd7d9865002{position: relative !important;}}@media screen and (max-width: 767px) {.thegem-vc-text.thegem-custom-6a049bfd7d9865002{position: relative !important;}}<\/style>\r\n\t\t<\/div>\r\n\t\r\n<\/div><\/div><\/div><\/div>\n<\/div>","protected":false},"excerpt":{"rendered":"","protected":false},"author":1,"featured_media":0,"parent":0,"menu_order":0,"comment_status":"closed","ping_status":"closed","template":"","meta":{"footnotes":""},"class_list":["post-1015","page","type-page","status-publish"],"_links":{"self":[{"href":"https:\/\/boudissaimmigration.ca\/fr\/wp-json\/wp\/v2\/pages\/1015","targetHints":{"allow":["GET"]}}],"collection":[{"href":"https:\/\/boudissaimmigration.ca\/fr\/wp-json\/wp\/v2\/pages"}],"about":[{"href":"https:\/\/boudissaimmigration.ca\/fr\/wp-json\/wp\/v2\/types\/page"}],"author":[{"embeddable":true,"href":"https:\/\/boudissaimmigration.ca\/fr\/wp-json\/wp\/v2\/users\/1"}],"replies":[{"embeddable":true,"href":"https:\/\/boudissaimmigration.ca\/fr\/wp-json\/wp\/v2\/comments?post=1015"}],"version-history":[{"count":12,"href":"https:\/\/boudissaimmigration.ca\/fr\/wp-json\/wp\/v2\/pages\/1015\/revisions"}],"predecessor-version":[{"id":1528,"href":"https:\/\/boudissaimmigration.ca\/fr\/wp-json\/wp\/v2\/pages\/1015\/revisions\/1528"}],"wp:attachment":[{"href":"https:\/\/boudissaimmigration.ca\/fr\/wp-json\/wp\/v2\/media?parent=1015"}],"curies":[{"name":"wp","href":"https:\/\/api.w.org\/{rel}","templated":true}]}}